{"id":837,"date":"2016-10-16T17:51:20","date_gmt":"2016-10-16T15:51:20","guid":{"rendered":"https:\/\/www.lablenie.fr\/gite-cour\/"},"modified":"2025-09-20T22:21:26","modified_gmt":"2025-09-20T20:21:26","slug":"gite-cour","status":"publish","type":"page","link":"https:\/\/www.lablenie.fr\/nl\/gite-cour\/","title":{"rendered":"G\u00eete de la Cour"},"content":{"rendered":"","protected":false},"excerpt":{"rendered":"","protected":false},"author":1,"featured_media":0,"parent":0,"menu_order":0,"comment_status":"closed","ping_status":"closed","template":"page-gite.php","meta":{"_acf_changed":false,"footnotes":""},"class_list":["post-837","page","type-page","status-publish","hentry"],"acf":[],"yoast_head":"<!-- This site is optimized with the Yoast SEO plugin v26.0 - https:\/\/yoast.com\/wordpress\/plugins\/seo\/ -->\n<title>G\u00eete de la Cour - Les g\u00eetes de La Bl\u00e9nie<\/title>\n<meta name=\"robots\" content=\"index, follow, max-snippet:-1, max-image-preview:large, max-video-preview:-1\" \/>\n<link rel=\"canonical\" href=\"https:\/\/www.lablenie.fr\/nl\/gite-cour\/\" \/>\n<meta property=\"og:locale\" content=\"nl_NL\" \/>\n<meta property=\"og:type\" content=\"article\" \/>\n<meta property=\"og:title\" content=\"G\u00eete de la Cour - Les g\u00eetes de La Bl\u00e9nie\" \/>\n<meta property=\"og:url\" content=\"https:\/\/www.lablenie.fr\/nl\/gite-cour\/\" \/>\n<meta property=\"og:site_name\" content=\"Les g\u00eetes de La Bl\u00e9nie\" \/>\n<meta property=\"article:modified_time\" content=\"2025-09-20T20:21:26+00:00\" \/>\n<meta name=\"twitter:card\" content=\"summary_large_image\" \/>\n<script type=\"application\/ld+json\" class=\"yoast-schema-graph\">{\"@context\":\"https:\/\/schema.org\",\"@graph\":[{\"@type\":\"WebPage\",\"@id\":\"https:\/\/www.lablenie.fr\/nl\/gite-cour\/\",\"url\":\"https:\/\/www.lablenie.fr\/nl\/gite-cour\/\",\"name\":\"G\u00eete de la Cour - Les g\u00eetes de La Bl\u00e9nie\",\"isPartOf\":{\"@id\":\"https:\/\/www.lablenie.fr\/en\/#website\"},\"datePublished\":\"2016-10-16T15:51:20+00:00\",\"dateModified\":\"2025-09-20T20:21:26+00:00\",\"breadcrumb\":{\"@id\":\"https:\/\/www.lablenie.fr\/nl\/gite-cour\/#breadcrumb\"},\"inLanguage\":\"nl-NL\",\"potentialAction\":[{\"@type\":\"ReadAction\",\"target\":[\"https:\/\/www.lablenie.fr\/nl\/gite-cour\/\"]}]},{\"@type\":\"BreadcrumbList\",\"@id\":\"https:\/\/www.lablenie.fr\/nl\/gite-cour\/#breadcrumb\",\"itemListElement\":[{\"@type\":\"ListItem\",\"position\":1,\"name\":\"Accueil\",\"item\":\"https:\/\/www.lablenie.fr\/nl\/\"},{\"@type\":\"ListItem\",\"position\":2,\"name\":\"G\u00eete de la Cour\"}]},{\"@type\":\"WebSite\",\"@id\":\"https:\/\/www.lablenie.fr\/en\/#website\",\"url\":\"https:\/\/www.lablenie.fr\/en\/\",\"name\":\"Les g\u00eetes de La Bl\u00e9nie\",\"description\":\"Location de g\u00eete en Dordogne\",\"publisher\":{\"@id\":\"https:\/\/www.lablenie.fr\/en\/#\/schema\/person\/f2bf6f4754d9b57cf0c0cd6ca98022e5\"},\"potentialAction\":[{\"@type\":\"SearchAction\",\"target\":{\"@type\":\"EntryPoint\",\"urlTemplate\":\"https:\/\/www.lablenie.fr\/en\/?s={search_term_string}\"},\"query-input\":{\"@type\":\"PropertyValueSpecification\",\"valueRequired\":true,\"valueName\":\"search_term_string\"}}],\"inLanguage\":\"nl-NL\"},{\"@type\":[\"Person\",\"Organization\"],\"@id\":\"https:\/\/www.lablenie.fr\/en\/#\/schema\/person\/f2bf6f4754d9b57cf0c0cd6ca98022e5\",\"name\":\"J\u00e9r\u00f4me Neveu\",\"logo\":{\"@id\":\"https:\/\/www.lablenie.fr\/en\/#\/schema\/person\/image\/\"}}]}<\/script>\n<!-- \/ Yoast SEO plugin. -->","yoast_head_json":{"title":"G\u00eete de la Cour - Les g\u00eetes de La Bl\u00e9nie","robots":{"index":"index","follow":"follow","max-snippet":"max-snippet:-1","max-image-preview":"max-image-preview:large","max-video-preview":"max-video-preview:-1"},"canonical":"https:\/\/www.lablenie.fr\/nl\/gite-cour\/","og_locale":"nl_NL","og_type":"article","og_title":"G\u00eete de la Cour - Les g\u00eetes de La Bl\u00e9nie","og_url":"https:\/\/www.lablenie.fr\/nl\/gite-cour\/","og_site_name":"Les g\u00eetes de La Bl\u00e9nie","article_modified_time":"2025-09-20T20:21:26+00:00","twitter_card":"summary_large_image","schema":{"@context":"https:\/\/schema.org","@graph":[{"@type":"WebPage","@id":"https:\/\/www.lablenie.fr\/nl\/gite-cour\/","url":"https:\/\/www.lablenie.fr\/nl\/gite-cour\/","name":"G\u00eete de la Cour - Les g\u00eetes de La Bl\u00e9nie","isPartOf":{"@id":"https:\/\/www.lablenie.fr\/en\/#website"},"datePublished":"2016-10-16T15:51:20+00:00","dateModified":"2025-09-20T20:21:26+00:00","breadcrumb":{"@id":"https:\/\/www.lablenie.fr\/nl\/gite-cour\/#breadcrumb"},"inLanguage":"nl-NL","potentialAction":[{"@type":"ReadAction","target":["https:\/\/www.lablenie.fr\/nl\/gite-cour\/"]}]},{"@type":"BreadcrumbList","@id":"https:\/\/www.lablenie.fr\/nl\/gite-cour\/#breadcrumb","itemListElement":[{"@type":"ListItem","position":1,"name":"Accueil","item":"https:\/\/www.lablenie.fr\/nl\/"},{"@type":"ListItem","position":2,"name":"G\u00eete de la Cour"}]},{"@type":"WebSite","@id":"https:\/\/www.lablenie.fr\/en\/#website","url":"https:\/\/www.lablenie.fr\/en\/","name":"Les g\u00eetes de La Bl\u00e9nie","description":"Location de g\u00eete en Dordogne","publisher":{"@id":"https:\/\/www.lablenie.fr\/en\/#\/schema\/person\/f2bf6f4754d9b57cf0c0cd6ca98022e5"},"potentialAction":[{"@type":"SearchAction","target":{"@type":"EntryPoint","urlTemplate":"https:\/\/www.lablenie.fr\/en\/?s={search_term_string}"},"query-input":{"@type":"PropertyValueSpecification","valueRequired":true,"valueName":"search_term_string"}}],"inLanguage":"nl-NL"},{"@type":["Person","Organization"],"@id":"https:\/\/www.lablenie.fr\/en\/#\/schema\/person\/f2bf6f4754d9b57cf0c0cd6ca98022e5","name":"J\u00e9r\u00f4me Neveu","logo":{"@id":"https:\/\/www.lablenie.fr\/en\/#\/schema\/person\/image\/"}}]}},"_links":{"self":[{"href":"https:\/\/www.lablenie.fr\/nl\/wp-json\/wp\/v2\/pages\/837","targetHints":{"allow":["GET"]}}],"collection":[{"href":"https:\/\/www.lablenie.fr\/nl\/wp-json\/wp\/v2\/pages"}],"about":[{"href":"https:\/\/www.lablenie.fr\/nl\/wp-json\/wp\/v2\/types\/page"}],"author":[{"embeddable":true,"href":"https:\/\/www.lablenie.fr\/nl\/wp-json\/wp\/v2\/users\/1"}],"replies":[{"embeddable":true,"href":"https:\/\/www.lablenie.fr\/nl\/wp-json\/wp\/v2\/comments?post=837"}],"version-history":[{"count":3,"href":"https:\/\/www.lablenie.fr\/nl\/wp-json\/wp\/v2\/pages\/837\/revisions"}],"predecessor-version":[{"id":2422,"href":"https:\/\/www.lablenie.fr\/nl\/wp-json\/wp\/v2\/pages\/837\/revisions\/2422"}],"wp:attachment":[{"href":"https:\/\/www.lablenie.fr\/nl\/wp-json\/wp\/v2\/media?parent=837"}],"curies":[{"name":"wp","href":"https:\/\/api.w.org\/{rel}","templated":true}]}}