{"id":823,"date":"2016-10-16T17:53:32","date_gmt":"2016-10-16T15:53:32","guid":{"rendered":"https:\/\/www.lablenie.fr\/mentions-legales\/"},"modified":"2021-01-08T11:51:47","modified_gmt":"2021-01-08T10:51:47","slug":"wettelijke-informatie","status":"publish","type":"page","link":"https:\/\/www.lablenie.fr\/nl\/wettelijke-informatie\/","title":{"rendered":"Wettelijke informatie"},"content":{"rendered":"","protected":false},"excerpt":{"rendered":"","protected":false},"author":1,"featured_media":0,"parent":0,"menu_order":0,"comment_status":"closed","ping_status":"closed","template":"","meta":{"_acf_changed":false,"footnotes":""},"class_list":["post-823","page","type-page","status-publish","hentry"],"acf":[],"yoast_head":"<!-- This site is optimized with the Yoast SEO plugin v26.0 - https:\/\/yoast.com\/wordpress\/plugins\/seo\/ -->\n<title>Wettelijke informatie - Les g\u00eetes de La Bl\u00e9nie<\/title>\n<meta name=\"robots\" content=\"index, follow, max-snippet:-1, max-image-preview:large, max-video-preview:-1\" \/>\n<link rel=\"canonical\" href=\"https:\/\/www.lablenie.fr\/nl\/wettelijke-informatie\/\" \/>\n<meta property=\"og:locale\" content=\"nl_NL\" \/>\n<meta property=\"og:type\" content=\"article\" \/>\n<meta property=\"og:title\" content=\"Wettelijke informatie - Les g\u00eetes de La Bl\u00e9nie\" \/>\n<meta property=\"og:url\" content=\"https:\/\/www.lablenie.fr\/nl\/wettelijke-informatie\/\" \/>\n<meta property=\"og:site_name\" content=\"Les g\u00eetes de La Bl\u00e9nie\" \/>\n<meta property=\"article:modified_time\" content=\"2021-01-08T10:51:47+00:00\" \/>\n<meta name=\"twitter:card\" content=\"summary_large_image\" \/>\n<script type=\"application\/ld+json\" class=\"yoast-schema-graph\">{\"@context\":\"https:\/\/schema.org\",\"@graph\":[{\"@type\":\"WebPage\",\"@id\":\"https:\/\/www.lablenie.fr\/nl\/wettelijke-informatie\/\",\"url\":\"https:\/\/www.lablenie.fr\/nl\/wettelijke-informatie\/\",\"name\":\"Wettelijke informatie - Les g\u00eetes de La Bl\u00e9nie\",\"isPartOf\":{\"@id\":\"https:\/\/www.lablenie.fr\/en\/#website\"},\"datePublished\":\"2016-10-16T15:53:32+00:00\",\"dateModified\":\"2021-01-08T10:51:47+00:00\",\"breadcrumb\":{\"@id\":\"https:\/\/www.lablenie.fr\/nl\/wettelijke-informatie\/#breadcrumb\"},\"inLanguage\":\"nl-NL\",\"potentialAction\":[{\"@type\":\"ReadAction\",\"target\":[\"https:\/\/www.lablenie.fr\/nl\/wettelijke-informatie\/\"]}]},{\"@type\":\"BreadcrumbList\",\"@id\":\"https:\/\/www.lablenie.fr\/nl\/wettelijke-informatie\/#breadcrumb\",\"itemListElement\":[{\"@type\":\"ListItem\",\"position\":1,\"name\":\"Accueil\",\"item\":\"https:\/\/www.lablenie.fr\/nl\/\"},{\"@type\":\"ListItem\",\"position\":2,\"name\":\"Wettelijke informatie\"}]},{\"@type\":\"WebSite\",\"@id\":\"https:\/\/www.lablenie.fr\/en\/#website\",\"url\":\"https:\/\/www.lablenie.fr\/en\/\",\"name\":\"Les g\u00eetes de La Bl\u00e9nie\",\"description\":\"Location de g\u00eete en Dordogne\",\"publisher\":{\"@id\":\"https:\/\/www.lablenie.fr\/en\/#\/schema\/person\/f2bf6f4754d9b57cf0c0cd6ca98022e5\"},\"potentialAction\":[{\"@type\":\"SearchAction\",\"target\":{\"@type\":\"EntryPoint\",\"urlTemplate\":\"https:\/\/www.lablenie.fr\/en\/?s={search_term_string}\"},\"query-input\":{\"@type\":\"PropertyValueSpecification\",\"valueRequired\":true,\"valueName\":\"search_term_string\"}}],\"inLanguage\":\"nl-NL\"},{\"@type\":[\"Person\",\"Organization\"],\"@id\":\"https:\/\/www.lablenie.fr\/en\/#\/schema\/person\/f2bf6f4754d9b57cf0c0cd6ca98022e5\",\"name\":\"J\u00e9r\u00f4me Neveu\",\"logo\":{\"@id\":\"https:\/\/www.lablenie.fr\/en\/#\/schema\/person\/image\/\"}}]}<\/script>\n<!-- \/ Yoast SEO plugin. -->","yoast_head_json":{"title":"Wettelijke informatie - Les g\u00eetes de La Bl\u00e9nie","robots":{"index":"index","follow":"follow","max-snippet":"max-snippet:-1","max-image-preview":"max-image-preview:large","max-video-preview":"max-video-preview:-1"},"canonical":"https:\/\/www.lablenie.fr\/nl\/wettelijke-informatie\/","og_locale":"nl_NL","og_type":"article","og_title":"Wettelijke informatie - Les g\u00eetes de La Bl\u00e9nie","og_url":"https:\/\/www.lablenie.fr\/nl\/wettelijke-informatie\/","og_site_name":"Les g\u00eetes de La Bl\u00e9nie","article_modified_time":"2021-01-08T10:51:47+00:00","twitter_card":"summary_large_image","schema":{"@context":"https:\/\/schema.org","@graph":[{"@type":"WebPage","@id":"https:\/\/www.lablenie.fr\/nl\/wettelijke-informatie\/","url":"https:\/\/www.lablenie.fr\/nl\/wettelijke-informatie\/","name":"Wettelijke informatie - Les g\u00eetes de La Bl\u00e9nie","isPartOf":{"@id":"https:\/\/www.lablenie.fr\/en\/#website"},"datePublished":"2016-10-16T15:53:32+00:00","dateModified":"2021-01-08T10:51:47+00:00","breadcrumb":{"@id":"https:\/\/www.lablenie.fr\/nl\/wettelijke-informatie\/#breadcrumb"},"inLanguage":"nl-NL","potentialAction":[{"@type":"ReadAction","target":["https:\/\/www.lablenie.fr\/nl\/wettelijke-informatie\/"]}]},{"@type":"BreadcrumbList","@id":"https:\/\/www.lablenie.fr\/nl\/wettelijke-informatie\/#breadcrumb","itemListElement":[{"@type":"ListItem","position":1,"name":"Accueil","item":"https:\/\/www.lablenie.fr\/nl\/"},{"@type":"ListItem","position":2,"name":"Wettelijke informatie"}]},{"@type":"WebSite","@id":"https:\/\/www.lablenie.fr\/en\/#website","url":"https:\/\/www.lablenie.fr\/en\/","name":"Les g\u00eetes de La Bl\u00e9nie","description":"Location de g\u00eete en Dordogne","publisher":{"@id":"https:\/\/www.lablenie.fr\/en\/#\/schema\/person\/f2bf6f4754d9b57cf0c0cd6ca98022e5"},"potentialAction":[{"@type":"SearchAction","target":{"@type":"EntryPoint","urlTemplate":"https:\/\/www.lablenie.fr\/en\/?s={search_term_string}"},"query-input":{"@type":"PropertyValueSpecification","valueRequired":true,"valueName":"search_term_string"}}],"inLanguage":"nl-NL"},{"@type":["Person","Organization"],"@id":"https:\/\/www.lablenie.fr\/en\/#\/schema\/person\/f2bf6f4754d9b57cf0c0cd6ca98022e5","name":"J\u00e9r\u00f4me Neveu","logo":{"@id":"https:\/\/www.lablenie.fr\/en\/#\/schema\/person\/image\/"}}]}},"_links":{"self":[{"href":"https:\/\/www.lablenie.fr\/nl\/wp-json\/wp\/v2\/pages\/823","targetHints":{"allow":["GET"]}}],"collection":[{"href":"https:\/\/www.lablenie.fr\/nl\/wp-json\/wp\/v2\/pages"}],"about":[{"href":"https:\/\/www.lablenie.fr\/nl\/wp-json\/wp\/v2\/types\/page"}],"author":[{"embeddable":true,"href":"https:\/\/www.lablenie.fr\/nl\/wp-json\/wp\/v2\/users\/1"}],"replies":[{"embeddable":true,"href":"https:\/\/www.lablenie.fr\/nl\/wp-json\/wp\/v2\/comments?post=823"}],"version-history":[{"count":0,"href":"https:\/\/www.lablenie.fr\/nl\/wp-json\/wp\/v2\/pages\/823\/revisions"}],"wp:attachment":[{"href":"https:\/\/www.lablenie.fr\/nl\/wp-json\/wp\/v2\/media?parent=823"}],"curies":[{"name":"wp","href":"https:\/\/api.w.org\/{rel}","templated":true}]}}